{"id":12,"date":"2021-08-04T20:41:54","date_gmt":"2021-08-04T20:41:54","guid":{"rendered":"https:\/\/mscopias.com.br\/?page_id=12"},"modified":"2022-01-11T20:40:32","modified_gmt":"2022-01-11T20:40:32","slug":"ms-copias-e-servicos","status":"publish","type":"page","link":"https:\/\/mscopias.com.br\/","title":{"rendered":"M&#038;S C\u00f3pias e Servi\u00e7os"},"content":{"rendered":"\n<div class=\"wp-container-1 wp-block-group alignwide\"><div class=\"wp-block-group__inner-container\">\n<h2 class=\"has-text-align-center\">CARIMBOS, BANNER, ADESIVOS, CANECAS PERSONALIZADAS, PLACAS DE SINALIZA\u00c7\u00c3O, C\u00d3PIAS DE CHAVES, FOTOS 3X4, CRACH\u00c1S, COPIAS P&amp;B, ENCADERNA\u00c7\u00c3O, PLASTIFICA\u00c7\u00c3O, PAPELARIA, SERVI\u00c7OS DE INTERNET<\/h2>\n<\/div><\/div>\n\n\n\n<div class=\"wp-container-7 wp-block-columns alignwide\">\n<div class=\"wp-container-4 wp-block-column\">\n<div class=\"wp-container-2 wp-block-group\"><div class=\"wp-block-group__inner-container\">\n<figure class=\"wp-block-image alignfull size-full\"><img fetchpriority=\"high\" width=\"722\" height=\"506\" src=\"https:\/\/mscopias.com.br\/wp-content\/uploads\/2021\/08\/01-1.jpg\" alt=\"\" class=\"wp-image-25\" srcset=\"https:\/\/mscopias.com.br\/wp-content\/uploads\/2021\/08\/01-1.jpg 722w, https:\/\/mscopias.com.br\/wp-content\/uploads\/2021\/08\/01-1-300x210.jpg 300w\" sizes=\"(max-width: 722px) 100vw, 722px\" \/><figcaption><strong>CARIMBOS de v\u00e1rios modelos e marcas<\/strong> &#8230; <a href=\"https:\/\/api.whatsapp.com\/send?phone=5592991775376&amp;text=Ol%C3%A1%2C%20gostaria%20de%20fazer%20um%20or%C3%A7amento\">Fa\u00e7a seu or\u00e7amento!<\/a> <\/figcaption><\/figure>\n\n\n\n<div class=\"wp-block-image\"><figure class=\"aligncenter size-full\"><img width=\"722\" height=\"506\" src=\"https:\/\/mscopias.com.br\/wp-content\/uploads\/2021\/08\/Impressao-e-instalacao-de-adesivo-vinil.jpg\" alt=\"\" class=\"wp-image-26\" srcset=\"https:\/\/mscopias.com.br\/wp-content\/uploads\/2021\/08\/Impressao-e-instalacao-de-adesivo-vinil.jpg 722w, https:\/\/mscopias.com.br\/wp-content\/uploads\/2021\/08\/Impressao-e-instalacao-de-adesivo-vinil-300x210.jpg 300w\" sizes=\"(max-width: 722px) 100vw, 722px\" \/><figcaption><strong style=\"font-size: revert;\">Impress\u00e3o \u00e9 instala\u00e7\u00e3o de adesivo vinil<\/strong>&#8230; <a href=\"https:\/\/api.whatsapp.com\/send?phone=5592991775376&amp;text=Ol%C3%A1%2C%20gostaria%20de%20fazer%20um%20or%C3%A7amento\">Fa\u00e7a seu or\u00e7amento!<\/a><\/figcaption><\/figure><\/div>\n<\/div><\/div>\n\n\n\n<div class=\"wp-container-3 wp-block-group\"><div class=\"wp-block-group__inner-container\"><\/div><\/div>\n\n\n\n<div class=\"wp-block-image\"><figure class=\"aligncenter size-full is-resized\"><img src=\"https:\/\/mscopias.com.br\/wp-content\/uploads\/2021\/08\/placapersonalizada-1.jpg\" alt=\"\" class=\"wp-image-28\" width=\"467\" height=\"327\" srcset=\"https:\/\/mscopias.com.br\/wp-content\/uploads\/2021\/08\/placapersonalizada-1.jpg 722w, https:\/\/mscopias.com.br\/wp-content\/uploads\/2021\/08\/placapersonalizada-1-300x210.jpg 300w\" sizes=\"(max-width: 467px) 100vw, 467px\" \/><figcaption><strong style=\"font-size: revert;\">Placa personalizada<\/strong>&#8230; <a href=\"https:\/\/api.whatsapp.com\/send?phone=5592991775376&amp;text=Ol%C3%A1%2C%20gostaria%20de%20fazer%20um%20or%C3%A7amento\">Fa\u00e7a seu or\u00e7amento!<\/a><\/figcaption><\/figure><\/div>\n<\/div>\n\n\n\n<div class=\"wp-container-6 wp-block-column\">\n<figure class=\"wp-block-image alignfull size-full\"><img loading=\"lazy\" width=\"723\" height=\"505\" src=\"https:\/\/mscopias.com.br\/wp-content\/uploads\/2021\/08\/Cavalete-tipo-casinha-tamanho-130x70cm.jpg\" alt=\"\" class=\"wp-image-24\" srcset=\"https:\/\/mscopias.com.br\/wp-content\/uploads\/2021\/08\/Cavalete-tipo-casinha-tamanho-130x70cm.jpg 723w, https:\/\/mscopias.com.br\/wp-content\/uploads\/2021\/08\/Cavalete-tipo-casinha-tamanho-130x70cm-300x210.jpg 300w\" sizes=\"(max-width: 723px) 100vw, 723px\" \/><figcaption> <strong>Cavalete tipo casinha tamanho 130x70cm<\/strong>&#8230;. <a href=\"https:\/\/api.whatsapp.com\/send?phone=5592991775376&amp;text=Ol%C3%A1%2C%20gostaria%20de%20fazer%20um%20or%C3%A7amento\">Fa\u00e7a seu or\u00e7amento!<\/a><\/figcaption><\/figure>\n\n\n\n<div class=\"wp-container-5 wp-block-group\"><div class=\"wp-block-group__inner-container\">\n<figure class=\"wp-block-image size-full is-resized\"><img loading=\"lazy\" src=\"https:\/\/mscopias.com.br\/wp-content\/uploads\/2022\/01\/WhatsApp-Image-2022-01-10-at-17.13.26.jpeg\" alt=\"\" class=\"wp-image-136\" width=\"489\" height=\"391\" srcset=\"https:\/\/mscopias.com.br\/wp-content\/uploads\/2022\/01\/WhatsApp-Image-2022-01-10-at-17.13.26.jpeg 623w, https:\/\/mscopias.com.br\/wp-content\/uploads\/2022\/01\/WhatsApp-Image-2022-01-10-at-17.13.26-300x240.jpeg 300w\" sizes=\"(max-width: 489px) 100vw, 489px\" \/><figcaption><strong style=\"font-size: revert;\">Crach\u00e1<\/strong> <a href=\"https:\/\/api.whatsapp.com\/send?phone=5592991775376&amp;text=Ol%C3%A1%2C%20gostaria%20de%20fazer%20um%20or%C3%A7amento\">Fa\u00e7a seu or\u00e7amento!<\/a><\/figcaption><\/figure>\n\n\n\n<figure class=\"wp-block-image size-full is-resized\"><img loading=\"lazy\" src=\"https:\/\/mscopias.com.br\/wp-content\/uploads\/2022\/01\/Quadro-em-Vidro-temperado-edited.jpg\" alt=\"\" class=\"wp-image-147\" width=\"485\" height=\"353\"\/><figcaption><strong style=\"font-size: revert;\">Quadro em Vidro temperado<\/strong>&#8230; <a href=\"https:\/\/api.whatsapp.com\/send?phone=5592991775376&amp;text=Ol%C3%A1%2C%20gostaria%20de%20fazer%20um%20or%C3%A7amento\">Fa\u00e7a seu or\u00e7amento!<\/a><\/figcaption><\/figure>\n<\/div><\/div>\n<\/div>\n<\/div>\n\n\n\n<div class=\"wp-block-image\"><figure class=\"aligncenter size-large\"><img loading=\"lazy\" width=\"1024\" height=\"424\" src=\"http:\/\/mscopias.com.br\/wp-content\/uploads\/2022\/01\/banner_final_site-1024x424.jpg\" alt=\"\" class=\"wp-image-131\" srcset=\"https:\/\/mscopias.com.br\/wp-content\/uploads\/2022\/01\/banner_final_site-1024x424.jpg 1024w, https:\/\/mscopias.com.br\/wp-content\/uploads\/2022\/01\/banner_final_site-300x124.jpg 300w, https:\/\/mscopias.com.br\/wp-content\/uploads\/2022\/01\/banner_final_site-768x318.jpg 768w, https:\/\/mscopias.com.br\/wp-content\/uploads\/2022\/01\/banner_final_site-1536x635.jpg 1536w, https:\/\/mscopias.com.br\/wp-content\/uploads\/2022\/01\/banner_final_site-2048x847.jpg 2048w\" sizes=\"(max-width: 1024px) 100vw, 1024px\" \/><\/figure><\/div>\n\n\n\n<div class=\"wp-container-8 wp-block-group alignwide\"><div class=\"wp-block-group__inner-container\">\n<h2 class=\"has-text-align-center has-accent-color has-text-color\">&#8220;A mais de 20 anos no mercado&#8221;<\/h2>\n<\/div><\/div>\n\n\n\n<p><\/p>\n\n\n\n<div class=\"wp-container-10 wp-block-group alignwide has-background\" style=\"background-color:#ffffff\"><div class=\"wp-block-group__inner-container\">\n<div class=\"wp-container-9 wp-block-group\"><div class=\"wp-block-group__inner-container\"><\/div><\/div>\n<\/div><\/div>\n\n\n\n<p><\/p>\n","protected":false},"excerpt":{"rendered":"<p>CARIMBOS, BANNER, ADESIVOS, CANECAS PERSONALIZADAS, PLACAS DE SINALIZA\u00c7\u00c3O, C\u00d3PIAS DE CHAVES, FOTOS 3X4, CRACH\u00c1S, COPIAS P&amp;B, ENCADERNA\u00c7\u00c3O, PLASTIFICA\u00c7\u00c3O, PAPELARIA, SERVI\u00c7OS DE INTERNET &#8220;A mais de 20 anos no mercado&#8221;<\/p>\n","protected":false},"author":1,"featured_media":0,"parent":0,"menu_order":0,"comment_status":"closed","ping_status":"closed","template":"","meta":[],"_links":{"self":[{"href":"https:\/\/mscopias.com.br\/index.php\/wp-json\/wp\/v2\/pages\/12"}],"collection":[{"href":"https:\/\/mscopias.com.br\/index.php\/wp-json\/wp\/v2\/pages"}],"about":[{"href":"https:\/\/mscopias.com.br\/index.php\/wp-json\/wp\/v2\/types\/page"}],"author":[{"embeddable":true,"href":"https:\/\/mscopias.com.br\/index.php\/wp-json\/wp\/v2\/users\/1"}],"replies":[{"embeddable":true,"href":"https:\/\/mscopias.com.br\/index.php\/wp-json\/wp\/v2\/comments?post=12"}],"version-history":[{"count":39,"href":"https:\/\/mscopias.com.br\/index.php\/wp-json\/wp\/v2\/pages\/12\/revisions"}],"predecessor-version":[{"id":150,"href":"https:\/\/mscopias.com.br\/index.php\/wp-json\/wp\/v2\/pages\/12\/revisions\/150"}],"wp:attachment":[{"href":"https:\/\/mscopias.com.br\/index.php\/wp-json\/wp\/v2\/media?parent=12"}],"curies":[{"name":"wp","href":"https:\/\/api.w.org\/{rel}","templated":true}]}}