{"id":13,"date":"2021-08-04T20:41:54","date_gmt":"2021-08-04T20:41:54","guid":{"rendered":"https:\/\/mscopias.com.br\/?page_id=13"},"modified":"2022-01-11T20:51:16","modified_gmt":"2022-01-11T20:51:16","slug":"sobre","status":"publish","type":"page","link":"https:\/\/mscopias.com.br\/index.php\/sobre\/","title":{"rendered":"Nosso hor\u00e1rio de atendimento"},"content":{"rendered":"\n<p><\/p>\n\n\n\n<p>Segunda: 08:00 \u00e0s 17:45<\/p>\n\n\n\n<p>Ter\u00e7a: 08:00 \u00e0s 17:45<\/p>\n\n\n\n<p>Quarta:08:00 \u00e0s 17:45<\/p>\n\n\n\n<p>Quinta: 08:00 \u00e0s 17:45<\/p>\n\n\n\n<p>Sexta: 08:00 \u00e0s 17:45<\/p>\n\n\n\n<p>S\u00e1bado: 08:00 \u00e0s 16:45<\/p>\n\n\n\n<p>Domingo: FECHADO<\/p>\n\n\n\n<p><strong>Op\u00e7\u00f5es de servi\u00e7o:&nbsp;<\/strong>Retirada na loja&nbsp;e &nbsp;entrega consulte o valor da taxa<\/p>\n\n\n\n<p> <a href=\"https:\/\/www.google.com.br\/search?sxsrf=ALeKk03TbE0iRto0cjH4DZFZERO_Tg_aMw:1628108468296&amp;q=m+e+s+copias+e+servi%C3%A7os+-+carimbos+\/+banner+\/+adesivos+\/+carimbo+\/+placas+em+a%C3%A7o+inox+\/+long+drink+\/+canecas+\/+placas+de+sinaliza%C3%A7%C3%A3o..+manaus+endere%C3%A7o&amp;ludocid=17439841587579320735&amp;sa=X&amp;ved=2ahUKEwjo66HXmJjyAhXwrpUCHXZyBQMQ6BMwEnoECBcQAg\">Endere\u00e7o<\/a>:\u00a0<strong>R. Penetra\u00e7\u00e3o II, 485 &#8211; S\u00c3O JOS\u00c9 II, Manaus &#8211; AM, 69086-010<\/strong><\/p>\n","protected":false},"excerpt":{"rendered":"<p>Segunda: 08:00 \u00e0s 17:45 Ter\u00e7a: 08:00 \u00e0s 17:45 Quarta:08:00 \u00e0s 17:45 Quinta: 08:00 \u00e0s 17:45 Sexta: 08:00 \u00e0s 17:45 S\u00e1bado: 08:00 \u00e0s 16:45 Domingo: FECHADO Op\u00e7\u00f5es de servi\u00e7o:&nbsp;Retirada na loja&nbsp;e &nbsp;entrega consulte o valor da taxa Endere\u00e7o:\u00a0R. Penetra\u00e7\u00e3o II, 485 &#8211; S\u00c3O JOS\u00c9 II, Manaus &#8211; AM, 69086-010<\/p>\n","protected":false},"author":1,"featured_media":0,"parent":0,"menu_order":0,"comment_status":"closed","ping_status":"closed","template":"","meta":[],"_links":{"self":[{"href":"https:\/\/mscopias.com.br\/index.php\/wp-json\/wp\/v2\/pages\/13"}],"collection":[{"href":"https:\/\/mscopias.com.br\/index.php\/wp-json\/wp\/v2\/pages"}],"about":[{"href":"https:\/\/mscopias.com.br\/index.php\/wp-json\/wp\/v2\/types\/page"}],"author":[{"embeddable":true,"href":"https:\/\/mscopias.com.br\/index.php\/wp-json\/wp\/v2\/users\/1"}],"replies":[{"embeddable":true,"href":"https:\/\/mscopias.com.br\/index.php\/wp-json\/wp\/v2\/comments?post=13"}],"version-history":[{"count":4,"href":"https:\/\/mscopias.com.br\/index.php\/wp-json\/wp\/v2\/pages\/13\/revisions"}],"predecessor-version":[{"id":153,"href":"https:\/\/mscopias.com.br\/index.php\/wp-json\/wp\/v2\/pages\/13\/revisions\/153"}],"wp:attachment":[{"href":"https:\/\/mscopias.com.br\/index.php\/wp-json\/wp\/v2\/media?parent=13"}],"curies":[{"name":"wp","href":"https:\/\/api.w.org\/{rel}","templated":true}]}}