{"id":14,"date":"2021-08-04T20:41:54","date_gmt":"2021-08-04T20:41:54","guid":{"rendered":"https:\/\/mscopias.com.br\/?page_id=14"},"modified":"2023-08-01T23:50:26","modified_gmt":"2023-08-01T23:50:26","slug":"contato","status":"publish","type":"page","link":"https:\/\/mscopias.com.br\/index.php\/contato\/","title":{"rendered":"Contato"},"content":{"rendered":"\n<p><strong>Nosso e-mail:<\/strong> contatos@mscopias.com.br<\/p>\n\n\n\n<p>Enviar mensagem: (92) 99177-5376<\/p>\n\n\n\n<p>R. Rio Marie, 485 &#8211; S\u00c3O JOS\u00c9 II, Manaus &#8211; AM, 69086-010<\/p>\n\n\n\n<p><strong><mark style=\"background-color:rgba(0, 0, 0, 0)\" class=\"has-inline-color has-vivid-red-color\">Localiza\u00e7\u00e3o<\/mark><\/strong><\/p>\n","protected":false},"excerpt":{"rendered":"<p>Nosso e-mail: contatos@mscopias.com.br Enviar mensagem: (92) 99177-5376 R. Rio Marie, 485 &#8211; S\u00c3O JOS\u00c9 II, Manaus &#8211; AM, 69086-010 Localiza\u00e7\u00e3o<\/p>\n","protected":false},"author":1,"featured_media":0,"parent":0,"menu_order":0,"comment_status":"closed","ping_status":"closed","template":"","meta":[],"_links":{"self":[{"href":"https:\/\/mscopias.com.br\/index.php\/wp-json\/wp\/v2\/pages\/14"}],"collection":[{"href":"https:\/\/mscopias.com.br\/index.php\/wp-json\/wp\/v2\/pages"}],"about":[{"href":"https:\/\/mscopias.com.br\/index.php\/wp-json\/wp\/v2\/types\/page"}],"author":[{"embeddable":true,"href":"https:\/\/mscopias.com.br\/index.php\/wp-json\/wp\/v2\/users\/1"}],"replies":[{"embeddable":true,"href":"https:\/\/mscopias.com.br\/index.php\/wp-json\/wp\/v2\/comments?post=14"}],"version-history":[{"count":4,"href":"https:\/\/mscopias.com.br\/index.php\/wp-json\/wp\/v2\/pages\/14\/revisions"}],"predecessor-version":[{"id":159,"href":"https:\/\/mscopias.com.br\/index.php\/wp-json\/wp\/v2\/pages\/14\/revisions\/159"}],"wp:attachment":[{"href":"https:\/\/mscopias.com.br\/index.php\/wp-json\/wp\/v2\/media?parent=14"}],"curies":[{"name":"wp","href":"https:\/\/api.w.org\/{rel}","templated":true}]}}